{"id":18,"date":"2013-05-20T13:59:32","date_gmt":"2013-05-20T13:59:32","guid":{"rendered":"http:\/\/www.iskape.be\/me\/?page_id=18"},"modified":"2016-11-19T15:37:08","modified_gmt":"2016-11-19T15:37:08","slug":"about-me","status":"publish","type":"page","link":"https:\/\/www.iskape.be\/me\/about-me\/","title":{"rendered":"About me"},"content":{"rendered":"<p><img loading=\"lazy\" decoding=\"async\" class=\"alignnone size-full wp-image-48\" alt=\"ME_blog-4683\" src=\"http:\/\/www.iskape.be\/me\/wp-content\/uploads\/2013\/05\/ME_blog-4683.jpg\" width=\"615\" height=\"408\" srcset=\"https:\/\/www.iskape.be\/me\/wp-content\/uploads\/2013\/05\/ME_blog-4683.jpg 615w, https:\/\/www.iskape.be\/me\/wp-content\/uploads\/2013\/05\/ME_blog-4683-300x200.jpg 300w\" sizes=\"(max-width: 615px) 100vw, 615px\" \/><\/p>\n<p>J&rsquo;ai d\u00e9marr\u00e9 la photo au d\u00e9but de la vingtaine, pour capturer des instants de vie. C&rsquo;\u00e9tait le temps des appareils jetables pour moi ; le Kodak Disk de mon enfance \u00e9tait d\u00e9j\u00e0 obsol\u00e8te.<\/p>\n<p>Puis je me suis achet\u00e9 un kit Nikon F65 avec ses deux zooms qui me faisaient terriblement envie et qui faisait de moi, au yeux des autres, un photographe.\u00a0Je restais pourtant un photographe tr\u00e8s amateur : photo souvenir et photo des grandes occasions.<\/p>\n<p>Puis est venu le num\u00e9rique, et l&rsquo;achat d&rsquo;un premier reflex num\u00e9rique avec ma compagne qui partagea avec moi son exp\u00e9rience et son talent. Faire plus de photos. Les regarder ; voir les d\u00e9fauts, tenter des choses&#8230;<\/p>\n<p>La passion \u00e9tait n\u00e9e. Elle continue de grandir.<\/p>\n","protected":false},"excerpt":{"rendered":"<p>J&rsquo;ai d\u00e9marr\u00e9 la photo au d\u00e9but de la vingtaine, pour capturer des instants de vie. C&rsquo;\u00e9tait le temps des appareils jetables pour moi ; le Kodak Disk de mon enfance \u00e9tait d\u00e9j\u00e0 obsol\u00e8te. Puis je me suis achet\u00e9 un kit Nikon F65 avec ses deux zooms qui me faisaient terriblement envie et qui faisait de&hellip;&nbsp;<a href=\"https:\/\/www.iskape.be\/me\/about-me\/\" class=\"\" rel=\"bookmark\">Lire la suite &raquo;<span class=\"screen-reader-text\">About me<\/span><\/a><\/p>\n","protected":false},"author":1,"featured_media":0,"parent":0,"menu_order":0,"comment_status":"open","ping_status":"open","template":"","meta":{"neve_meta_sidebar":"","neve_meta_container":"","neve_meta_enable_content_width":"","neve_meta_content_width":0,"neve_meta_title_alignment":"","neve_meta_author_avatar":"","neve_post_elements_order":"","neve_meta_disable_header":"","neve_meta_disable_footer":"","neve_meta_disable_title":"","_ti_tpc_template_sync":false,"_ti_tpc_template_id":"","footnotes":""},"_links":{"self":[{"href":"https:\/\/www.iskape.be\/me\/wp-json\/wp\/v2\/pages\/18"}],"collection":[{"href":"https:\/\/www.iskape.be\/me\/wp-json\/wp\/v2\/pages"}],"about":[{"href":"https:\/\/www.iskape.be\/me\/wp-json\/wp\/v2\/types\/page"}],"author":[{"embeddable":true,"href":"https:\/\/www.iskape.be\/me\/wp-json\/wp\/v2\/users\/1"}],"replies":[{"embeddable":true,"href":"https:\/\/www.iskape.be\/me\/wp-json\/wp\/v2\/comments?post=18"}],"version-history":[{"count":7,"href":"https:\/\/www.iskape.be\/me\/wp-json\/wp\/v2\/pages\/18\/revisions"}],"predecessor-version":[{"id":537,"href":"https:\/\/www.iskape.be\/me\/wp-json\/wp\/v2\/pages\/18\/revisions\/537"}],"wp:attachment":[{"href":"https:\/\/www.iskape.be\/me\/wp-json\/wp\/v2\/media?parent=18"}],"curies":[{"name":"wp","href":"https:\/\/api.w.org\/{rel}","templated":true}]}}